{"id":1383,"date":"2019-07-30T05:12:25","date_gmt":"2019-07-29T21:12:25","guid":{"rendered":"http:\/\/asiademo.com\/jhiea_en\/?page_id=1383"},"modified":"2025-11-19T15:01:54","modified_gmt":"2025-11-19T07:01:54","slug":"editorial-committee-and-advisers","status":"publish","type":"page","link":"https:\/\/asiademo.com\/jhiea_en\/editorial-committee-and-advisers\/","title":{"rendered":"Editorial Committee and Advisers"},"content":{"rendered":"<p>[et_pb_section fb_built=&#8221;1&#8243; _builder_version=&#8221;4.16&#8243; global_colors_info=&#8221;{}&#8221;][et_pb_row _builder_version=&#8221;4.16&#8243; background_size=&#8221;initial&#8221; background_position=&#8221;top_left&#8221; background_repeat=&#8221;repeat&#8221; global_colors_info=&#8221;{}&#8221;][et_pb_column type=&#8221;4_4&#8243; _builder_version=&#8221;4.16&#8243; custom_padding=&#8221;|||&#8221; global_colors_info=&#8221;{}&#8221; custom_padding__hover=&#8221;|||&#8221;][et_pb_text _builder_version=&#8221;4.21.0&#8243; hover_enabled=&#8221;0&#8243; z_index_tablet=&#8221;500&#8243; text_text_shadow_horizontal_length_tablet=&#8221;0px&#8221; text_text_shadow_vertical_length_tablet=&#8221;0px&#8221; text_text_shadow_blur_strength_tablet=&#8221;1px&#8221; link_text_shadow_horizontal_length_tablet=&#8221;0px&#8221; link_text_shadow_vertical_length_tablet=&#8221;0px&#8221; link_text_shadow_blur_strength_tablet=&#8221;1px&#8221; ul_text_shadow_horizontal_length_tablet=&#8221;0px&#8221; ul_text_shadow_vertical_length_tablet=&#8221;0px&#8221; ul_text_shadow_blur_strength_tablet=&#8221;1px&#8221; ol_text_shadow_horizontal_length_tablet=&#8221;0px&#8221; ol_text_shadow_vertical_length_tablet=&#8221;0px&#8221; ol_text_shadow_blur_strength_tablet=&#8221;1px&#8221; quote_text_shadow_horizontal_length_tablet=&#8221;0px&#8221; quote_text_shadow_vertical_length_tablet=&#8221;0px&#8221; quote_text_shadow_blur_strength_tablet=&#8221;1px&#8221; header_text_shadow_horizontal_length_tablet=&#8221;0px&#8221; header_text_shadow_vertical_length_tablet=&#8221;0px&#8221; header_text_shadow_blur_strength_tablet=&#8221;1px&#8221; header_2_text_shadow_horizontal_length_tablet=&#8221;0px&#8221; header_2_text_shadow_vertical_length_tablet=&#8221;0px&#8221; header_2_text_shadow_blur_strength_tablet=&#8221;1px&#8221; header_3_text_shadow_horizontal_length_tablet=&#8221;0px&#8221; header_3_text_shadow_vertical_length_tablet=&#8221;0px&#8221; header_3_text_shadow_blur_strength_tablet=&#8221;1px&#8221; header_4_text_shadow_horizontal_length_tablet=&#8221;0px&#8221; header_4_text_shadow_vertical_length_tablet=&#8221;0px&#8221; header_4_text_shadow_blur_strength_tablet=&#8221;1px&#8221; header_5_text_shadow_horizontal_length_tablet=&#8221;0px&#8221; header_5_text_shadow_vertical_length_tablet=&#8221;0px&#8221; header_5_text_shadow_blur_strength_tablet=&#8221;1px&#8221; header_6_text_shadow_horizontal_length_tablet=&#8221;0px&#8221; header_6_text_shadow_vertical_length_tablet=&#8221;0px&#8221; header_6_text_shadow_blur_strength_tablet=&#8221;1px&#8221; box_shadow_horizontal_tablet=&#8221;0px&#8221; box_shadow_vertical_tablet=&#8221;0px&#8221; box_shadow_blur_tablet=&#8221;40px&#8221; box_shadow_spread_tablet=&#8221;0px&#8221; global_colors_info=&#8221;{}&#8221; sticky_enabled=&#8221;0&#8243;]<\/p>\n<h3><em>Journal of the History of Ideas in East Asia<\/em> Editorial Board<\/h3>\n<h4>Adviser (listed alphabetically)<\/h4>\n<table>\n<tbody>\n<tr>\n<td style=\"width: 250px;\">Azuma, juji<\/td>\n<td>Professor, Faculty of Letters; Research Fellow, Institute of Oriental and Occidental Studies, Kansai University, Japan<\/td>\n<\/tr>\n<tr>\n<td>Bak, Geun-gab<\/td>\n<td>Professor Emeritus, Department of History, Hallym University, South Korea<\/td>\n<\/tr>\n<tr>\n<td>Brezzi, Alessandra <\/td>\n<td>Associate Professor, Italian Institute of Oriental Studies, Sapienza University of Rome, Italy<\/td>\n<\/tr>\n<tr>\n<td>Casalin, Federica <\/td>\n<td>Associate Professor, Italian Institute of Oriental Studies, Sapienza University of Rome, Italy<\/td>\n<\/tr>\n<tr>\n<td>Chen, Fang-ming <\/td>\n<td>Chair Professor, Graduate Institute of Taiwanese Literature, National Chengchi University, Taiwan<\/td>\n<\/tr>\n<tr>\n<td>Chen, Jianhua<\/td>\n<td>Distinguished Chair Professor, Fudan University; Professor, Chinese Classic Research Institute, Fudan University, China; Professor Emeritus, Division of Humanities, Hong Kong University of Science and Technology, Hong Kong<\/td>\n<\/tr>\n<tr>\n<td>Chen, Pingyuan <\/td>\n<td>Boya Chair Professor; Director, Institute of Chinese Modern Hunmanities; Distinguished Professor of Department of Chinese Language and Literature, Peking University; Dean, Institute of Modern and Contemporary Chinese Studies, Henan University; Yangtze River Distinguished Professor; Member, Central Research Institute of Culture and History, China<\/td>\n<\/tr>\n<tr>\n<td>Chen, Sihe<\/td>\n<td>Senior Professor of Faculty of Arts, Fudan University; Professor, Department of Chinese Language and Literature, Fudan University; China Yangtze River Distinguished Professor, China<\/td>\n<\/tr>\n<tr>\n<td>Elman, Benjamin A. <\/td>\n<td>Professor Emeritus, Department of East Asian Studies and Department of History, Princeton University, USA<\/td>\n<\/tr>\n<tr>\n<td>Fang, Weiguei<\/td>\n<td>Distinguished Professor, Institute for Advanced Studies in Humanities and Social Science, Chongqing University; Yangtze River Distinguished Professor, China; Member of Academia Europaea<\/td>\n<\/tr>\n<tr>\n<td>Fro\u0308hlich, Thomas<\/td>\n<td>Professor, Department of Chinese Language and Culture, Hamburg University, Germany<\/td>\n<\/tr>\n<tr>\n<td>Ge, Zhaoguang<\/td>\n<td>Distinguished Professor, Institute for Advanced Humanistic Studies and Department of History, Fudan University, China<\/td>\n<\/tr>\n<tr>\n<td>Hazama, Naoki<\/td>\n<td>Professor Emeritus, Kyoto University, Japan<\/td>\n<\/tr>\n<tr>\n<td>Hsiang, Jieh<\/td>\n<td>Professor Emeritus, Department of Computer Science and Information Engineering, National Taiwan University, Taiwan<\/td>\n<\/tr>\n<tr>\n<td>Huang, Chun-chieh<\/td>\n<td>Distinguished Chair Professor, National Taiwan University, Taiwan; Member of Academia Europaea<\/td>\n<\/tr>\n<tr>\n<td>Huang, Xintao<\/td>\n<td>Professor and Dean, School of History, Renmin University; Yangtze River Distinguished Professor, China<\/td>\n<\/tr>\n<tr>\n<td>Hur, Soo<\/td>\n<td>Associate Professor, Department of Korean History, Seoul National University, South Korea<\/td>\n<\/tr>\n<tr>\n<td>Judge, Joan<\/td>\n<td>Professor, Department of History, York University, Canada<\/td>\n<\/tr>\n<tr>\n<td>Lee, Fong-mao<\/td>\n<td>Academician, Academia Sinica; Chair Professor Emeritus, National Chengchi University; Adjunct Research Fellow, Institute of Chinese Literature and Philosophy, Academia Sinica, Taiwan<\/td>\n<\/tr>\n<tr>\n<td>Lee, Kyung-ku<\/td>\n<td>Director, Hallym Academy of Sciences, Hallym University, South Korea<\/td>\n<\/tr>\n<tr>\n<td>Leung, Yuen-sang<\/td>\n<td>Professor Emeritus, Department of History, Chinese University of Hong Kong; Director, Research Centre for Contemporary Chinese Culture, Chinese University of Hong Kong, Hong Kong<\/td>\n<\/tr>\n<tr>\n<td>Liu, Qing-feng<\/td>\n<td>Honorary Research Fellow, Institute of Chinese Studies, Chinese University of Hong Kong, Hong Kong<\/td>\n<\/tr>\n<tr>\n<td>Mittler, Barbara<\/td>\n<td>Professor, Institute of Chinese Studies; Director, Centre of Asian and Transcultural Studies, Heidelberg University, Germany<\/td>\n<\/tr>\n<tr>\n<td>Murata, Yujiro<\/td>\n<td>Emeritus Professor, University of Tokyo; Professor, Graduate School of Global Studies, Doshisha University, Japan<\/td>\n<\/tr>\n<tr>\n<td>Shen, Guo-wei <\/td>\n<td>Distinguished Professor, Institute of East Asian Studies, Zhejiang Gongshang University, China<\/td>\n<\/tr>\n<tr>\n<td>Song, In-jae<\/td>\n<td>HK Professor, Hallym Academy of Sciences, Hallym University, South Korea<\/td>\n<\/tr>\n<tr>\n<td>Song, Seung-cheol<\/td>\n<td>Emeritus Professor, Hallym University, South Korea<\/td>\n<\/tr>\n<tr>\n<td>T\u00e1\u0148a Dluho\u0161ov\u00e1<<\/td>\n<td>Senior Researcher and Director, Oriental Institute, Czech Academy of Sciences, Czech Republic<\/td>\n<\/tr>\n<tr>\n<td>Vogelsang, Kai<\/td>\n<td>Professor, Department of Chinese Language and Culture, Hamburg University, Germany<\/td>\n<\/tr>\n<tr>\n<td>Wang, David Der-wei <\/td>\n<td>Academician, Academia Sinica, Taiwan; Edward C. Henderson Professor of Chinese Culture, Department of East Asian Language and Civilization and Department of Comparative Literature, Harvard University, USA<\/td>\n<\/tr>\n<tr>\n<td>Wang, Fansen<\/td>\n<td>Academician; Distinguished Research Fellow, Institute of History and Philology, Academia Sinica; Adjunct Chair Professor, National Chengchi University, Taiwan<\/td>\n<\/tr>\n<tr>\n<td>Xu, Jilin<\/td>\n<td>Zijiang Distinguished Professor, Department of History, East China Normal University; Deputy Director, Institute of Modern Chinese Thought and Culture, China<\/td>\n<\/tr>\n<tr>\n<td>Yang, Il-mo<\/td>\n<td>Professor, College of Liberal Studies, Seoul National University, South Korea<\/td>\n<\/tr>\n<tr>\n<td>Yu, Hongliang<\/td>\n<td>Research Fellow, Institute of Ancient History, Chinese Academy of Social Sciences; Professor, Chinese Academy of Social Sciences, China<\/td>\n<\/tr>\n<tr>\n<td>Yang, Rur-bin<\/td>\n<td>Academician, Academia Sinica; Chair Professor, Graduate Institute of Philosophy, National Tsing Hua University, Taiwan<\/td>\n<\/tr>\n<tr>\n<td>Zou, Zhenhuan<\/td>\n<td>Professor, Department of History, Fudan University, China<\/td>\n<\/tr>\n<\/tbody>\n<\/table>\n<h4>Editorial Board (listed alphabetically)<\/h4>\n<table>\n<tbody>\n<tr>\n<td style=\"width: 250px;\">Chang, Kun-chiang<\/td>\n<td>Professor and Chairman, Department of East Asian Studies, National Normal University, Taiwan<\/td>\n<\/tr>\n<tr>\n<td>Cheng, Wen-huei<\/td>\n<td>Distinguished Professor, Department of Chinese Literature, National Chengchi University, Taiwan<\/td>\n<\/tr>\n<tr>\n<td>Chen, Chien-shou<\/td>\n<td>Associate research fellow and Director of Hu Shih Memorial Hall, Institute of Modern History, Academia Sinica, Taiwan<\/td>\n<\/tr>\n<tr>\n<td>Chiu, Wei-yun<\/td>\n<td>Associate Professor, Xue-hen Institute for Advanced Studies and School of History, Nanjing University, China<\/td>\n<\/tr>\n<tr>\n<td>Guan, Kean-fung<\/td>\n<td>Associate Professor, Department of Chinese Literature, National Tsing Hua University, Taiwan<\/td>\n<\/tr>\n<tr>\n<td>Huang, Ko-wu<\/td>\n<td>Distinguished Research Fellow, Institute of Modern History, Academia Sinica, Taiwan<\/td>\n<\/tr>\n<tr>\n<td>Huang, Mei-e <\/td>\n<td>Professor, Graduate Institute of Taiwan Literature, National Taiwan University, Taiwan<\/td>\n<\/tr>\n<tr>\n<td>Jou, Jyh-hwang<\/td>\n<td>Professor, Department of Chinese Literature, National Chengchi University, Taiwan<\/td>\n<\/tr>\n<tr>\n<td>Lin, Chi-ping<\/td>\n<td>Distinguished Professor, Department of Chinese Literature; Vice President for Academic Affairs, National Chengchi University, Taiwan<\/td>\n<\/tr>\n<tr>\n<td>Lin, Yuan-Ze<\/td>\n<td>Distinguished Professor, Department of Philosophy; Director, Office of Lo Chia-luen International Sinology Chair, National Chengchi University, Taiwan<\/td>\n<\/tr>\n<tr>\n<td>Pan, Kwang-che<\/td>\n<td>Research Fellow, Institute of Modern History, Academia Sinica, Taiwan<\/td>\n<\/tr>\n<\/tbody>\n<\/table>\n<h4>Editorial Board (listed alphabetically)<\/h4>\n<table>\n<tbody>\n<tr>\n<td style=\"width: 250px;\">Honorary Chief Editor<\/td>\n<td style=\"width: 250px;\">Jin, Guan-tao<\/td>\n<td>NanShan Chair Professor, China Academy of Art, China<\/td>\n<\/tr>\n<tr>\n<td>Chief Editor<\/td>\n<td>Cheng, Wen-huei<\/td>\n<td>Distinguished Professor, Department of Chinese Literature, National Chengchi University, Taiwan<\/td>\n<\/tr>\n<tr>\n<td>Deputy Chief Editor<\/td>\n<td>Jou, Jyh-hwang <\/td>\n<td>Professor, Department of Chinese Literature, National Chengchi University, Taiwan<\/td>\n<\/tr>\n<tr>\n<td rowspan=\"3\">Executive Editor<\/td>\n<td>Chen, Shuo-wen<\/td>\n<td>Associate Professor, Department of Chinese Literature, National Chengchi University<\/td>\n<\/tr>\n<tr>\n<td>Han, Cheng-hua <\/td>\n<td>Assistant Professor, Department of History, Fo Guang University, Taiwan<\/td>\n<\/tr>\n<tr>\n<td>Huang, Hsuan-chang<\/td>\n<td>Assistant Professor, Department of Chinese Literature, National Chung Cheng University\n<\/td>\n<\/tr>\n<tr>\n<td>English Editor<\/td>\n<td>Kao, Vanina Wen-hsuan <\/td>\n<td><\/td>\n<\/tr>\n<tr>\n<td>Collation Editor<\/td>\n<td>Chen, Chun-chi<\/td>\n<td>Master&#8217;s student, Department of Chinese Literature, National Taiwan University<\/td>\n<\/tr>\n<tr>\n<td>Cover Design<\/td>\n<td>Lin, Chi<\/td>\n<td><\/td>\n<\/tr>\n<tr>\n<td>Calligraphy<\/td>\n<td>Cheng, Wen-huei<\/td>\n<td><\/td>\n<\/tr>\n<\/tbody>\n<\/table>\n<p>[\/et_pb_text][\/et_pb_column][\/et_pb_row][\/et_pb_section]<\/p>\n","protected":false},"excerpt":{"rendered":"<p>Journal of the History of Ideas in East Asia Editorial  [&hellip;]<\/p>\n","protected":false},"author":2,"featured_media":0,"parent":0,"menu_order":0,"comment_status":"closed","ping_status":"closed","template":"","meta":{"_et_pb_use_builder":"on","_et_pb_old_content":"","_et_gb_content_width":""},"acf":[],"_links":{"self":[{"href":"https:\/\/asiademo.com\/jhiea_en\/wp-json\/wp\/v2\/pages\/1383"}],"collection":[{"href":"https:\/\/asiademo.com\/jhiea_en\/wp-json\/wp\/v2\/pages"}],"about":[{"href":"https:\/\/asiademo.com\/jhiea_en\/wp-json\/wp\/v2\/types\/page"}],"author":[{"embeddable":true,"href":"https:\/\/asiademo.com\/jhiea_en\/wp-json\/wp\/v2\/users\/2"}],"replies":[{"embeddable":true,"href":"https:\/\/asiademo.com\/jhiea_en\/wp-json\/wp\/v2\/comments?post=1383"}],"version-history":[{"count":0,"href":"https:\/\/asiademo.com\/jhiea_en\/wp-json\/wp\/v2\/pages\/1383\/revisions"}],"wp:attachment":[{"href":"https:\/\/asiademo.com\/jhiea_en\/wp-json\/wp\/v2\/media?parent=1383"}],"curies":[{"name":"wp","href":"https:\/\/api.w.org\/{rel}","templated":true}]}}